{"id":44,"date":"2018-01-04T20:40:14","date_gmt":"2018-01-04T20:40:14","guid":{"rendered":"http:\/\/www.allme.se\/?page_id=44"},"modified":"2021-06-03T14:32:24","modified_gmt":"2021-06-03T14:32:24","slug":"om-oss","status":"publish","type":"page","link":"https:\/\/www.allme.se\/?page_id=44","title":{"rendered":"Om oss"},"content":{"rendered":"<p>Vi utf\u00f6r service och installation av v\u00e4rmepumpar<\/p>\n<ul>\n<li>Utbyten \/ installation av v\u00e4rmepump<\/li>\n<li>Arbete i kylkretsen<\/li>\n<li>Luftinjustering<\/li>\n<li>Ventilationsreng\u00f6ring<\/li>\n<li>\u00d6versyn \/ Kontroll<\/li>\n<li>Certifierade av INCERT EU2015\/2067<\/li>\n<\/ul>\n","protected":false},"excerpt":{"rendered":"<p>Vi utf\u00f6r service och installation av v\u00e4rmepumpar Utbyten \/ installation av v\u00e4rmepump Arbete i kylkretsen Luftinjustering Ventilationsreng\u00f6ring \u00d6versyn \/ Kontroll Certifierade av INCERT EU2015\/2067<\/p>\n","protected":false},"author":1,"featured_media":0,"parent":0,"menu_order":0,"comment_status":"closed","ping_status":"closed","template":"","meta":{"footnotes":""},"_links":{"self":[{"href":"https:\/\/www.allme.se\/index.php?rest_route=\/wp\/v2\/pages\/44"}],"collection":[{"href":"https:\/\/www.allme.se\/index.php?rest_route=\/wp\/v2\/pages"}],"about":[{"href":"https:\/\/www.allme.se\/index.php?rest_route=\/wp\/v2\/types\/page"}],"author":[{"embeddable":true,"href":"https:\/\/www.allme.se\/index.php?rest_route=\/wp\/v2\/users\/1"}],"replies":[{"embeddable":true,"href":"https:\/\/www.allme.se\/index.php?rest_route=%2Fwp%2Fv2%2Fcomments&post=44"}],"version-history":[{"count":4,"href":"https:\/\/www.allme.se\/index.php?rest_route=\/wp\/v2\/pages\/44\/revisions"}],"predecessor-version":[{"id":172,"href":"https:\/\/www.allme.se\/index.php?rest_route=\/wp\/v2\/pages\/44\/revisions\/172"}],"wp:attachment":[{"href":"https:\/\/www.allme.se\/index.php?rest_route=%2Fwp%2Fv2%2Fmedia&parent=44"}],"curies":[{"name":"wp","href":"https:\/\/api.w.org\/{rel}","templated":true}]}}